{"id":28,"date":"2026-03-20T20:11:02","date_gmt":"2026-03-20T23:11:02","guid":{"rendered":"https:\/\/cafearte369.wordpress.com\/?page_id=28"},"modified":"2026-03-20T20:11:02","modified_gmt":"2026-03-20T23:11:02","slug":"menu","status":"publish","type":"page","link":"https:\/\/cafearte.art\/home\/menu\/","title":{"rendered":"menu"},"content":{"rendered":"\n<div class=\"wp-block-group alignfull is-style-section-2 is-content-justification-center is-layout-constrained wp-container-core-group-is-layout-d1b61db4 wp-block-group-is-layout-constrained\" style=\"margin-top:0;margin-bottom:0;padding-top:var(--wp--preset--spacing--50);padding-bottom:var(--wp--preset--spacing--50)\">\n<h2 class=\"wp-block-heading has-text-align-center\">Men\u00fa<\/h2>\n\n\n\n<div class=\"wp-block-group alignwide is-layout-flow wp-block-group-is-layout-flow\">\n<div class=\"wp-block-group alignwide is-layout-constrained wp-container-core-group-is-layout-92b9201d wp-block-group-is-layout-constrained\">\n<h3 class=\"wp-block-heading has-text-align-center is-menu-section-name\">cafe<\/h3>\n\n\n\n<div class=\"wp-block-group is-layout-flow wp-container-core-group-is-layout-8a368f38 wp-block-group-is-layout-flow\">\n<div class=\"wp-block-group alignwide is-layout-flow wp-block-group-is-layout-flow\" style=\"border-bottom-width:1px;padding-top:24px;padding-bottom:24px\">\n<div class=\"wp-block-group is-content-justification-space-between is-layout-flex wp-container-core-group-is-layout-ceead2e9 wp-block-group-is-layout-flex\">\n<h4 class=\"wp-block-heading is-menu-item-name\">Espresso<\/h4>\n\n\n\n<p class=\"is-menu-item-price\">2000 $<\/p>\n<\/div>\n<\/div>\n\n\n\n<div class=\"wp-block-group alignwide is-layout-flow wp-block-group-is-layout-flow\" style=\"border-bottom-width:1px;padding-top:24px;padding-bottom:24px\">\n<div class=\"wp-block-group is-content-justification-space-between is-layout-flex wp-container-core-group-is-layout-ceead2e9 wp-block-group-is-layout-flex\">\n<h4 class=\"wp-block-heading is-menu-item-name\">Americano<\/h4>\n\n\n\n<p class=\"is-menu-item-price\">2000 $<\/p>\n<\/div>\n<\/div>\n\n\n\n<div class=\"wp-block-group alignwide is-layout-flow wp-block-group-is-layout-flow\" style=\"border-bottom-width:1px;padding-top:24px;padding-bottom:24px\">\n<div class=\"wp-block-group is-content-justification-space-between is-layout-flex wp-container-core-group-is-layout-ceead2e9 wp-block-group-is-layout-flex\">\n<h4 class=\"wp-block-heading is-menu-item-name\">Capuccino<\/h4>\n\n\n\n<p class=\"is-menu-item-price\">3000\u00a0$<\/p>\n<\/div>\n<\/div>\n\n\n\n<div class=\"wp-block-group alignwide is-layout-flow wp-block-group-is-layout-flow\" style=\"border-bottom-width:1px;padding-top:24px;padding-bottom:24px\">\n<div class=\"wp-block-group is-content-justification-space-between is-layout-flex wp-container-core-group-is-layout-ceead2e9 wp-block-group-is-layout-flex\">\n<h4 class=\"wp-block-heading is-menu-item-name\">Capuccino Variedades<\/h4>\n\n\n\n<p class=\"is-menu-item-price\">4000$<\/p>\n<\/div>\n<\/div>\n\n\n\n<div class=\"wp-block-group alignwide is-layout-flow wp-block-group-is-layout-flow\" style=\"padding-top:24px;padding-bottom:24px\">\n<div class=\"wp-block-group is-content-justification-space-between is-layout-flex wp-container-core-group-is-layout-ceead2e9 wp-block-group-is-layout-flex\">\n<h4 class=\"wp-block-heading is-menu-item-name\">Agregados<\/h4>\n\n\n\n<p class=\"is-menu-item-price\">500 $<\/p>\n<\/div>\n<\/div>\n<\/div>\n<\/div>\n\n\n\n<div class=\"wp-block-group alignwide is-layout-constrained wp-container-core-group-is-layout-92b9201d wp-block-group-is-layout-constrained\">\n<h3 class=\"wp-block-heading has-text-align-center is-menu-section-name\">Pasteleria<\/h3>\n\n\n\n<div class=\"wp-block-group is-layout-flow wp-container-core-group-is-layout-8a368f38 wp-block-group-is-layout-flow\">\n<div class=\"wp-block-group alignwide is-layout-flow wp-block-group-is-layout-flow\" style=\"border-bottom-width:1px;padding-top:24px;padding-bottom:24px\">\n<div class=\"wp-block-group is-content-justification-space-between is-layout-flex wp-container-core-group-is-layout-ceead2e9 wp-block-group-is-layout-flex\">\n<h4 class=\"wp-block-heading is-menu-item-name\">rollos de Canela<\/h4>\n\n\n\n<p class=\"is-menu-item-price\">1500 $<\/p>\n<\/div>\n<\/div>\n\n\n\n<div class=\"wp-block-group alignwide is-layout-flow wp-block-group-is-layout-flow\" style=\"border-bottom-width:1px;padding-top:24px;padding-bottom:24px\">\n<div class=\"wp-block-group is-content-justification-space-between is-layout-flex wp-container-core-group-is-layout-ceead2e9 wp-block-group-is-layout-flex\">\n<h4 class=\"wp-block-heading is-menu-item-name\">Pie de limon<\/h4>\n\n\n\n<p class=\"is-menu-item-price\">3000 $<\/p>\n<\/div>\n<\/div>\n\n\n\n<div class=\"wp-block-group alignwide is-layout-flow wp-block-group-is-layout-flow\" style=\"border-bottom-width:1px;padding-top:24px;padding-bottom:24px\">\n<div class=\"wp-block-group is-content-justification-space-between is-layout-flex wp-container-core-group-is-layout-ceead2e9 wp-block-group-is-layout-flex\">\n<h4 class=\"wp-block-heading is-menu-item-name\">Ramen de Miso<\/h4>\n\n\n\n<p class=\"is-menu-item-price\">12&nbsp;$<\/p>\n<\/div>\n<\/div>\n\n\n\n<div class=\"wp-block-group alignwide is-layout-flow wp-block-group-is-layout-flow\" style=\"border-bottom-width:1px;padding-top:24px;padding-bottom:24px\">\n<div class=\"wp-block-group is-content-justification-space-between is-layout-flex wp-container-core-group-is-layout-ceead2e9 wp-block-group-is-layout-flex\">\n<h4 class=\"wp-block-heading is-menu-item-name\">Spicy Tantanmen<\/h4>\n\n\n\n<p class=\"is-menu-item-price\">$11<\/p>\n<\/div>\n<\/div>\n\n\n\n<div class=\"wp-block-group alignwide is-layout-flow wp-block-group-is-layout-flow\" style=\"padding-top:24px;padding-bottom:24px\">\n<div class=\"wp-block-group is-content-justification-space-between is-layout-flex wp-container-core-group-is-layout-ceead2e9 wp-block-group-is-layout-flex\">\n<h4 class=\"wp-block-heading is-menu-item-name\">Ramen Vegetariano<\/h4>\n\n\n\n<p class=\"is-menu-item-price\">10 $<\/p>\n<\/div>\n<\/div>\n<\/div>\n<\/div>\n\n\n\n<div class=\"wp-block-group alignwide is-layout-constrained wp-container-core-group-is-layout-92b9201d wp-block-group-is-layout-constrained\">\n<h3 class=\"wp-block-heading has-text-align-center is-menu-section-name\">Snacks<\/h3>\n\n\n\n<div class=\"wp-block-group is-layout-flow wp-container-core-group-is-layout-8a368f38 wp-block-group-is-layout-flow\">\n<div class=\"wp-block-group alignwide is-layout-flow wp-block-group-is-layout-flow\" style=\"border-bottom-width:1px;padding-top:24px;padding-bottom:24px\">\n<div class=\"wp-block-group is-content-justification-space-between is-layout-flex wp-container-core-group-is-layout-ceead2e9 wp-block-group-is-layout-flex\">\n<h4 class=\"wp-block-heading is-menu-item-name\">rollos de Canela<\/h4>\n\n\n\n<p class=\"is-menu-item-price\">1500 $<\/p>\n<\/div>\n<\/div>\n\n\n\n<div class=\"wp-block-group alignwide is-layout-flow wp-block-group-is-layout-flow\" style=\"border-bottom-width:1px;padding-top:24px;padding-bottom:24px\">\n<div class=\"wp-block-group is-content-justification-space-between is-layout-flex wp-container-core-group-is-layout-ceead2e9 wp-block-group-is-layout-flex\">\n<h4 class=\"wp-block-heading is-menu-item-name\">Pie de limon<\/h4>\n\n\n\n<p class=\"is-menu-item-price\">3000 $<\/p>\n<\/div>\n<\/div>\n\n\n\n<div class=\"wp-block-group alignwide is-layout-flow wp-block-group-is-layout-flow\" style=\"border-bottom-width:1px;padding-top:24px;padding-bottom:24px\">\n<div class=\"wp-block-group is-content-justification-space-between is-layout-flex wp-container-core-group-is-layout-ceead2e9 wp-block-group-is-layout-flex\">\n<h4 class=\"wp-block-heading is-menu-item-name\">Ramen de Miso<\/h4>\n\n\n\n<p class=\"is-menu-item-price\">12&nbsp;$<\/p>\n<\/div>\n<\/div>\n\n\n\n<div class=\"wp-block-group alignwide is-layout-flow wp-block-group-is-layout-flow\" style=\"border-bottom-width:1px;padding-top:24px;padding-bottom:24px\">\n<div class=\"wp-block-group is-content-justification-space-between is-layout-flex wp-container-core-group-is-layout-ceead2e9 wp-block-group-is-layout-flex\">\n<h4 class=\"wp-block-heading is-menu-item-name\">Spicy Tantanmen<\/h4>\n\n\n\n<p class=\"is-menu-item-price\">$11<\/p>\n<\/div>\n<\/div>\n\n\n\n<div class=\"wp-block-group alignwide is-layout-flow wp-block-group-is-layout-flow\" style=\"padding-top:24px;padding-bottom:24px\">\n<div class=\"wp-block-group is-content-justification-space-between is-layout-flex wp-container-core-group-is-layout-ceead2e9 wp-block-group-is-layout-flex\">\n<h4 class=\"wp-block-heading is-menu-item-name\">Ramen Vegetariano<\/h4>\n\n\n\n<p class=\"is-menu-item-price\">10 $<\/p>\n<\/div>\n<\/div>\n<\/div>\n<\/div>\n<\/div>\n<\/div>\n\n\n\n<div class=\"wp-block-group alignfull is-style-default is-content-justification-center is-layout-constrained wp-container-core-group-is-layout-d1b61db4 wp-block-group-is-layout-constrained\" style=\"margin-top:0;margin-bottom:0;padding-top:var(--wp--preset--spacing--50);padding-bottom:var(--wp--preset--spacing--50)\">\n<h2 class=\"wp-block-heading has-text-align-center has-xx-large-font-size\">Men\u00fa<\/h2>\n\n\n\n<figure class=\"wp-block-gallery alignwide has-nested-images columns-default is-cropped wp-block-gallery-1 is-layout-flex wp-block-gallery-is-layout-flex\">\n<figure class=\"wp-block-image size-full\"><img decoding=\"async\" data-id=\"16530\" src=\"https:\/\/dotcompatterns.wordpress.com\/wp-content\/uploads\/2024\/09\/1.jpeg\" alt=\"\" class=\"wp-image-16530\" style=\"aspect-ratio:1;object-fit:cover\" \/><\/figure>\n\n\n\n<figure class=\"wp-block-image size-full\"><img decoding=\"async\" data-id=\"16531\" src=\"https:\/\/dotcompatterns.wordpress.com\/wp-content\/uploads\/2024\/09\/2-1.jpg\" alt=\"\" class=\"wp-image-16531\" style=\"aspect-ratio:1;object-fit:cover\" \/><\/figure>\n\n\n\n<figure class=\"wp-block-image size-full\"><img decoding=\"async\" data-id=\"16530\" src=\"https:\/\/dotcompatterns.wordpress.com\/wp-content\/uploads\/2024\/09\/1.jpeg\" alt=\"\" class=\"wp-image-16530\" style=\"aspect-ratio:1;object-fit:cover\" \/><\/figure>\n<\/figure>\n\n\n\n<div class=\"wp-block-group alignwide is-layout-flow wp-block-group-is-layout-flow\">\n<div class=\"wp-block-group alignwide is-layout-constrained wp-container-core-group-is-layout-92b9201d wp-block-group-is-layout-constrained\">\n<h3 class=\"wp-block-heading has-text-align-center is-menu-section-name\">Desayuno<\/h3>\n\n\n\n<div class=\"wp-block-group is-layout-flow wp-container-core-group-is-layout-f5bb311e wp-block-group-is-layout-flow\">\n<div class=\"wp-block-group is-vertical is-content-justification-center is-nowrap is-layout-flex wp-container-core-group-is-layout-64246d41 wp-block-group-is-layout-flex\">\n<h4 class=\"wp-block-heading is-menu-item-name\">Cuenco de Arroz y Huevo<\/h4>\n\n\n\n<p class=\"is-menu-item-description\">Caldo ligero, huevo, salchicha, cebolla verde, fideos.<\/p>\n\n\n\n<p class=\"is-menu-item-price\">14 $<\/p>\n<\/div>\n\n\n\n<div class=\"wp-block-group is-vertical is-content-justification-center is-nowrap is-layout-flex wp-container-core-group-is-layout-64246d41 wp-block-group-is-layout-flex\">\n<h4 class=\"wp-block-heading is-menu-item-name\">Tamago Bowl<\/h4>\n\n\n\n<p class=\"is-menu-item-description\">Arroz al vapor, huevos revueltos, glaseado de soja, nori.<\/p>\n\n\n\n<p class=\"is-menu-item-price\">13 $<\/p>\n<\/div>\n\n\n\n<div class=\"wp-block-group is-vertical is-content-justification-center is-nowrap is-layout-flex wp-container-core-group-is-layout-64246d41 wp-block-group-is-layout-flex\">\n<h4 class=\"wp-block-heading is-menu-item-name\">Conjunto de Onigiri<\/h4>\n\n\n\n<p class=\"is-menu-item-description\">Bolas de arroz (salm\u00f3n, at\u00fan o simples), sopa de miso.<\/p>\n\n\n\n<p class=\"is-menu-item-price\">12&nbsp;$<\/p>\n<\/div>\n\n\n\n<div class=\"wp-block-group is-vertical is-content-justification-center is-nowrap is-layout-flex wp-container-core-group-is-layout-64246d41 wp-block-group-is-layout-flex\">\n<h4 class=\"wp-block-heading is-menu-item-name\">Panqueques Japoneses<\/h4>\n\n\n\n<p class=\"is-menu-item-description\">Panqueques esponjosos, nata montada, jarabe de matcha.<\/p>\n\n\n\n<p class=\"is-menu-item-price\">$11<\/p>\n<\/div>\n\n\n\n<div class=\"wp-block-group is-vertical is-content-justification-center is-nowrap is-layout-flex wp-container-core-group-is-layout-64246d41 wp-block-group-is-layout-flex\">\n<h4 class=\"wp-block-heading is-menu-item-name\">Ramen Vegetariano<\/h4>\n\n\n\n<p class=\"is-menu-item-description\">Caldo de verduras, tofu, champi\u00f1\u00f3n, espinacas, ma\u00edz.<\/p>\n\n\n\n<p class=\"is-menu-item-price\">10 $<\/p>\n<\/div>\n<\/div>\n\n\n\n<div style=\"height:20px\" aria-hidden=\"true\" class=\"wp-block-spacer\"><\/div>\n<\/div>\n\n\n\n<div class=\"wp-block-group alignwide is-layout-constrained wp-container-core-group-is-layout-92b9201d wp-block-group-is-layout-constrained\">\n<h3 class=\"wp-block-heading has-text-align-center is-menu-section-name\">Almuerzo<\/h3>\n\n\n\n<div class=\"wp-block-group is-layout-flow wp-container-core-group-is-layout-f5bb311e wp-block-group-is-layout-flow\">\n<div class=\"wp-block-group is-vertical is-content-justification-center is-nowrap is-layout-flex wp-container-core-group-is-layout-64246d41 wp-block-group-is-layout-flex\">\n<h4 class=\"wp-block-heading is-menu-item-name\">Tonkotsu Ramen<\/h4>\n\n\n\n<p class=\"is-menu-item-description\">Caldo de cerdo, cerdo, huevo, cebolla verde, nori.<\/p>\n\n\n\n<p class=\"is-menu-item-price\">14 $<\/p>\n<\/div>\n\n\n\n<div class=\"wp-block-group is-vertical is-content-justification-center is-nowrap is-layout-flex wp-container-core-group-is-layout-64246d41 wp-block-group-is-layout-flex\">\n<h4 class=\"wp-block-heading is-menu-item-name\">Shoyu Ramen<\/h4>\n\n\n\n<p class=\"is-menu-item-description\">Soy caldo, pollo, bamb\u00fa, espinacas, pastel de pescado.<\/p>\n\n\n\n<p class=\"is-menu-item-price\">13 $<\/p>\n<\/div>\n\n\n\n<div class=\"wp-block-group is-vertical is-content-justification-center is-nowrap is-layout-flex wp-container-core-group-is-layout-64246d41 wp-block-group-is-layout-flex\">\n<h4 class=\"wp-block-heading is-menu-item-name\">Ramen de Miso<\/h4>\n\n\n\n<p class=\"is-menu-item-description\">Caldo de miso, cerdo, ma\u00edz, brotes, mantequilla.<\/p>\n\n\n\n<p class=\"is-menu-item-price\">12&nbsp;$<\/p>\n<\/div>\n\n\n\n<div class=\"wp-block-group is-vertical is-content-justification-center is-nowrap is-layout-flex wp-container-core-group-is-layout-64246d41 wp-block-group-is-layout-flex\">\n<h4 class=\"wp-block-heading is-menu-item-name\">Spicy Tantanmen<\/h4>\n\n\n\n<p class=\"is-menu-item-description\">Caldo picante, cerdo, bok choy, aceite de chile.<\/p>\n\n\n\n<p class=\"is-menu-item-price\">$11<\/p>\n<\/div>\n\n\n\n<div class=\"wp-block-group is-vertical is-content-justification-center is-nowrap is-layout-flex wp-container-core-group-is-layout-64246d41 wp-block-group-is-layout-flex\">\n<h4 class=\"wp-block-heading is-menu-item-name\">Ramen Vegetariano<\/h4>\n\n\n\n<p class=\"is-menu-item-description\">Caldo de verduras, tofu, champi\u00f1\u00f3n, espinacas, ma\u00edz.<\/p>\n\n\n\n<p class=\"is-menu-item-price\">10 $<\/p>\n<\/div>\n<\/div>\n\n\n\n<div style=\"height:20px\" aria-hidden=\"true\" class=\"wp-block-spacer\"><\/div>\n<\/div>\n<\/div>\n<\/div>\n","protected":false},"excerpt":{"rendered":"<p>Men\u00fa cafe Espresso 2000 $ Americano 2000 $ Capuccino 3000\u00a0$ Capuccino Variedades 4000$ Agregados 500 $ Pasteleria rollos de Canela 1500 $ Pie de limon 3000 $ Ramen de Miso 12&nbsp;$ Spicy Tantanmen $11 Ramen Vegetariano 10 $ Snacks rollos de Canela 1500 $ Pie de limon 3000 $ Ramen de Miso 12&nbsp;$ Spicy Tantanmen [&hellip;]<\/p>\n","protected":false},"author":1,"featured_media":0,"parent":0,"menu_order":0,"comment_status":"closed","ping_status":"closed","template":"","meta":{"footnotes":""},"class_list":["post-28","page","type-page","status-publish","hentry"],"yoast_head":"<!-- This site is optimized with the Yoast SEO plugin v27.3 - https:\/\/yoast.com\/product\/yoast-seo-wordpress\/ -->\n<title>menu - Cafe Arte<\/title>\n<meta name=\"robots\" content=\"index, follow, max-snippet:-1, max-image-preview:large, max-video-preview:-1\" \/>\n<link rel=\"canonical\" href=\"https:\/\/cafearte.art\/home\/menu\/\" \/>\n<meta property=\"og:locale\" content=\"es_ES\" \/>\n<meta property=\"og:type\" content=\"article\" \/>\n<meta property=\"og:title\" content=\"menu - Cafe Arte\" \/>\n<meta property=\"og:description\" content=\"Men\u00fa cafe Espresso 2000 $ Americano 2000 $ Capuccino 3000\u00a0$ Capuccino Variedades 4000$ Agregados 500 $ Pasteleria rollos de Canela 1500 $ Pie de limon 3000 $ Ramen de Miso 12&nbsp;$ Spicy Tantanmen $11 Ramen Vegetariano 10 $ Snacks rollos de Canela 1500 $ Pie de limon 3000 $ Ramen de Miso 12&nbsp;$ Spicy Tantanmen [&hellip;]\" \/>\n<meta property=\"og:url\" content=\"https:\/\/cafearte.art\/home\/menu\/\" \/>\n<meta property=\"og:site_name\" content=\"Cafe Arte\" \/>\n<meta property=\"og:image\" content=\"https:\/\/dotcompatterns.wordpress.com\/wp-content\/uploads\/2024\/09\/1.jpeg\" \/>\n<meta name=\"twitter:card\" content=\"summary_large_image\" \/>\n<meta name=\"twitter:label1\" content=\"Tiempo estimado de lectura\" \/>\n\t<meta name=\"twitter:data1\" content=\"1 minuto\" \/>\n<script type=\"application\/ld+json\" class=\"yoast-schema-graph\">{\"@context\":\"https:\\\/\\\/schema.org\",\"@graph\":[{\"@type\":\"WebPage\",\"@id\":\"https:\\\/\\\/cafearte.art\\\/home\\\/menu\\\/\",\"url\":\"https:\\\/\\\/cafearte.art\\\/home\\\/menu\\\/\",\"name\":\"menu - Cafe Arte\",\"isPartOf\":{\"@id\":\"https:\\\/\\\/cafearte.art\\\/home\\\/#website\"},\"primaryImageOfPage\":{\"@id\":\"https:\\\/\\\/cafearte.art\\\/home\\\/menu\\\/#primaryimage\"},\"image\":{\"@id\":\"https:\\\/\\\/cafearte.art\\\/home\\\/menu\\\/#primaryimage\"},\"thumbnailUrl\":\"https:\\\/\\\/dotcompatterns.wordpress.com\\\/wp-content\\\/uploads\\\/2024\\\/09\\\/1.jpeg\",\"datePublished\":\"2026-03-20T23:11:02+00:00\",\"breadcrumb\":{\"@id\":\"https:\\\/\\\/cafearte.art\\\/home\\\/menu\\\/#breadcrumb\"},\"inLanguage\":\"es-CL\",\"potentialAction\":[{\"@type\":\"ReadAction\",\"target\":[\"https:\\\/\\\/cafearte.art\\\/home\\\/menu\\\/\"]}]},{\"@type\":\"ImageObject\",\"inLanguage\":\"es-CL\",\"@id\":\"https:\\\/\\\/cafearte.art\\\/home\\\/menu\\\/#primaryimage\",\"url\":\"https:\\\/\\\/dotcompatterns.wordpress.com\\\/wp-content\\\/uploads\\\/2024\\\/09\\\/1.jpeg\",\"contentUrl\":\"https:\\\/\\\/dotcompatterns.wordpress.com\\\/wp-content\\\/uploads\\\/2024\\\/09\\\/1.jpeg\"},{\"@type\":\"BreadcrumbList\",\"@id\":\"https:\\\/\\\/cafearte.art\\\/home\\\/menu\\\/#breadcrumb\",\"itemListElement\":[{\"@type\":\"ListItem\",\"position\":1,\"name\":\"Portada\",\"item\":\"https:\\\/\\\/cafearte.art\\\/home\\\/\"},{\"@type\":\"ListItem\",\"position\":2,\"name\":\"menu\"}]},{\"@type\":\"WebSite\",\"@id\":\"https:\\\/\\\/cafearte.art\\\/home\\\/#website\",\"url\":\"https:\\\/\\\/cafearte.art\\\/home\\\/\",\"name\":\"Cafe Arte\",\"description\":\"\",\"publisher\":{\"@id\":\"https:\\\/\\\/cafearte.art\\\/home\\\/#organization\"},\"potentialAction\":[{\"@type\":\"SearchAction\",\"target\":{\"@type\":\"EntryPoint\",\"urlTemplate\":\"https:\\\/\\\/cafearte.art\\\/home\\\/?s={search_term_string}\"},\"query-input\":{\"@type\":\"PropertyValueSpecification\",\"valueRequired\":true,\"valueName\":\"search_term_string\"}}],\"inLanguage\":\"es-CL\"},{\"@type\":\"Organization\",\"@id\":\"https:\\\/\\\/cafearte.art\\\/home\\\/#organization\",\"name\":\"Cafe Arte\",\"url\":\"https:\\\/\\\/cafearte.art\\\/home\\\/\",\"logo\":{\"@type\":\"ImageObject\",\"inLanguage\":\"es-CL\",\"@id\":\"https:\\\/\\\/cafearte.art\\\/home\\\/#\\\/schema\\\/logo\\\/image\\\/\",\"url\":\"https:\\\/\\\/cafearte.art\\\/wp-content\\\/uploads\\\/2026\\\/04\\\/cropped-LOGO.png\",\"contentUrl\":\"https:\\\/\\\/cafearte.art\\\/wp-content\\\/uploads\\\/2026\\\/04\\\/cropped-LOGO.png\",\"width\":512,\"height\":512,\"caption\":\"Cafe Arte\"},\"image\":{\"@id\":\"https:\\\/\\\/cafearte.art\\\/home\\\/#\\\/schema\\\/logo\\\/image\\\/\"},\"sameAs\":[\"https:\\\/\\\/www.instagram.com\\\/cafe.arte396\\\/\"]}]}<\/script>\n<!-- \/ Yoast SEO plugin. -->","yoast_head_json":{"title":"menu - Cafe Arte","robots":{"index":"index","follow":"follow","max-snippet":"max-snippet:-1","max-image-preview":"max-image-preview:large","max-video-preview":"max-video-preview:-1"},"canonical":"https:\/\/cafearte.art\/home\/menu\/","og_locale":"es_ES","og_type":"article","og_title":"menu - Cafe Arte","og_description":"Men\u00fa cafe Espresso 2000 $ Americano 2000 $ Capuccino 3000\u00a0$ Capuccino Variedades 4000$ Agregados 500 $ Pasteleria rollos de Canela 1500 $ Pie de limon 3000 $ Ramen de Miso 12&nbsp;$ Spicy Tantanmen $11 Ramen Vegetariano 10 $ Snacks rollos de Canela 1500 $ Pie de limon 3000 $ Ramen de Miso 12&nbsp;$ Spicy Tantanmen [&hellip;]","og_url":"https:\/\/cafearte.art\/home\/menu\/","og_site_name":"Cafe Arte","og_image":[{"url":"https:\/\/dotcompatterns.wordpress.com\/wp-content\/uploads\/2024\/09\/1.jpeg","type":"","width":"","height":""}],"twitter_card":"summary_large_image","twitter_misc":{"Tiempo estimado de lectura":"1 minuto"},"schema":{"@context":"https:\/\/schema.org","@graph":[{"@type":"WebPage","@id":"https:\/\/cafearte.art\/home\/menu\/","url":"https:\/\/cafearte.art\/home\/menu\/","name":"menu - Cafe Arte","isPartOf":{"@id":"https:\/\/cafearte.art\/home\/#website"},"primaryImageOfPage":{"@id":"https:\/\/cafearte.art\/home\/menu\/#primaryimage"},"image":{"@id":"https:\/\/cafearte.art\/home\/menu\/#primaryimage"},"thumbnailUrl":"https:\/\/dotcompatterns.wordpress.com\/wp-content\/uploads\/2024\/09\/1.jpeg","datePublished":"2026-03-20T23:11:02+00:00","breadcrumb":{"@id":"https:\/\/cafearte.art\/home\/menu\/#breadcrumb"},"inLanguage":"es-CL","potentialAction":[{"@type":"ReadAction","target":["https:\/\/cafearte.art\/home\/menu\/"]}]},{"@type":"ImageObject","inLanguage":"es-CL","@id":"https:\/\/cafearte.art\/home\/menu\/#primaryimage","url":"https:\/\/dotcompatterns.wordpress.com\/wp-content\/uploads\/2024\/09\/1.jpeg","contentUrl":"https:\/\/dotcompatterns.wordpress.com\/wp-content\/uploads\/2024\/09\/1.jpeg"},{"@type":"BreadcrumbList","@id":"https:\/\/cafearte.art\/home\/menu\/#breadcrumb","itemListElement":[{"@type":"ListItem","position":1,"name":"Portada","item":"https:\/\/cafearte.art\/home\/"},{"@type":"ListItem","position":2,"name":"menu"}]},{"@type":"WebSite","@id":"https:\/\/cafearte.art\/home\/#website","url":"https:\/\/cafearte.art\/home\/","name":"Cafe Arte","description":"","publisher":{"@id":"https:\/\/cafearte.art\/home\/#organization"},"potentialAction":[{"@type":"SearchAction","target":{"@type":"EntryPoint","urlTemplate":"https:\/\/cafearte.art\/home\/?s={search_term_string}"},"query-input":{"@type":"PropertyValueSpecification","valueRequired":true,"valueName":"search_term_string"}}],"inLanguage":"es-CL"},{"@type":"Organization","@id":"https:\/\/cafearte.art\/home\/#organization","name":"Cafe Arte","url":"https:\/\/cafearte.art\/home\/","logo":{"@type":"ImageObject","inLanguage":"es-CL","@id":"https:\/\/cafearte.art\/home\/#\/schema\/logo\/image\/","url":"https:\/\/cafearte.art\/wp-content\/uploads\/2026\/04\/cropped-LOGO.png","contentUrl":"https:\/\/cafearte.art\/wp-content\/uploads\/2026\/04\/cropped-LOGO.png","width":512,"height":512,"caption":"Cafe Arte"},"image":{"@id":"https:\/\/cafearte.art\/home\/#\/schema\/logo\/image\/"},"sameAs":["https:\/\/www.instagram.com\/cafe.arte396\/"]}]}},"_links":{"self":[{"href":"https:\/\/cafearte.art\/home\/wp-json\/wp\/v2\/pages\/28","targetHints":{"allow":["GET"]}}],"collection":[{"href":"https:\/\/cafearte.art\/home\/wp-json\/wp\/v2\/pages"}],"about":[{"href":"https:\/\/cafearte.art\/home\/wp-json\/wp\/v2\/types\/page"}],"author":[{"embeddable":true,"href":"https:\/\/cafearte.art\/home\/wp-json\/wp\/v2\/users\/1"}],"replies":[{"embeddable":true,"href":"https:\/\/cafearte.art\/home\/wp-json\/wp\/v2\/comments?post=28"}],"version-history":[{"count":0,"href":"https:\/\/cafearte.art\/home\/wp-json\/wp\/v2\/pages\/28\/revisions"}],"wp:attachment":[{"href":"https:\/\/cafearte.art\/home\/wp-json\/wp\/v2\/media?parent=28"}],"curies":[{"name":"wp","href":"https:\/\/api.w.org\/{rel}","templated":true}]}}