{"id":89,"date":"2026-04-13T23:47:40","date_gmt":"2026-04-14T02:47:40","guid":{"rendered":"https:\/\/cafearte.art\/?page_id=89"},"modified":"2026-04-16T17:57:33","modified_gmt":"2026-04-16T20:57:33","slug":"arte-y-cultura","status":"publish","type":"page","link":"https:\/\/cafearte.art\/home\/","title":{"rendered":"Arte, Cultura y Tueste en San Joaqu\u00edn"},"content":{"rendered":"\t\t<div data-elementor-type=\"wp-page\" data-elementor-id=\"89\" class=\"elementor elementor-89\">\n\t\t\t\t\t\t<div class=\"elementor-element elementor-element-254dd44 e-con e-atomic-element e-flexbox-base e-254dd44-5bc0768\" data-id=\"254dd44\" data-element_type=\"e-flexbox\" data-e-type=\"e-flexbox\" data-interaction-id=\"254dd44\">\n\t\t<div class=\"elementor-element elementor-element-f4343be eael_liquid_glass-effect2 eael_liquid_glass_border_distortion_yes e-flex e-con-boxed elementor-invisible e-con e-parent\" data-id=\"f4343be\" data-element_type=\"container\" data-e-type=\"container\" data-settings=\"{&quot;background_background&quot;:&quot;classic&quot;,&quot;animation&quot;:&quot;fadeInUp&quot;}\">\n\t\t\t\t\t<div class=\"e-con-inner\">\n\t\t\t\t\t\t\t<h1 \n\t\tdata-interaction-id=\"a199bb2\" \n\t\tclass=\"e-a199bb2-646a22e e-heading-base\" \n\t\t \n\t\t\n\t>\n\t\n\t\t\t<br>cafe arte el arte de vivir\n\t\t<\/h1>\n\t\t\t\t<div class=\"elementor-element elementor-element-268752a elementor-widget elementor-widget-spacer\" data-id=\"268752a\" data-element_type=\"widget\" data-e-type=\"widget\" data-widget_type=\"spacer.default\">\n\t\t\t\t\t\t\t<div class=\"elementor-spacer\">\n\t\t\t<div class=\"elementor-spacer-inner\"><\/div>\n\t\t<\/div>\n\t\t\t\t\t\t<\/div>\n\t\t\t\t\t<\/div>\n\t\t\t\t<\/div>\n\t\t\t\t<\/div>\n\t\t<div class=\"elementor-element elementor-element-c06c038 e-flex e-con-boxed eael_liquid_glass-effect1 eael_liquid_glass_shadow-effect1 e-con e-parent\" data-id=\"c06c038\" data-element_type=\"container\" data-e-type=\"container\">\n\t\t\t\t\t<div class=\"e-con-inner\">\n\t\t<div class=\"elementor-element elementor-element-d57dd17 e-con-full e-flex e-con e-child\" data-id=\"d57dd17\" data-element_type=\"container\" data-e-type=\"container\" data-settings=\"{&quot;background_background&quot;:&quot;slideshow&quot;,&quot;background_slideshow_gallery&quot;:[{&quot;id&quot;:123,&quot;url&quot;:&quot;https:\\\/\\\/cafearte.art\\\/wp-content\\\/uploads\\\/2026\\\/04\\\/Preparacion-de-cafe-filtrado-en-invierno-en-casa.png&quot;},{&quot;id&quot;:109,&quot;url&quot;:&quot;https:\\\/\\\/cafearte.art\\\/wp-content\\\/uploads\\\/2026\\\/04\\\/20250609_1709_Illuminated-Coffee-Grains_simple_compose_01jxb8d82aeq3aff1ww4a18zeb-min.png&quot;},{&quot;id&quot;:103,&quot;url&quot;:&quot;https:\\\/\\\/cafearte.art\\\/wp-content\\\/uploads\\\/2026\\\/04\\\/20250609_1525_Coffee-Grains-in-Nature_simple_compose_01jxb2dqm6f7fs7cxhar4fwg92-min.png&quot;}],&quot;background_slideshow_ken_burns&quot;:&quot;yes&quot;,&quot;background_slideshow_ken_burns_zoom_direction&quot;:&quot;out&quot;,&quot;background_slideshow_loop&quot;:&quot;yes&quot;,&quot;background_slideshow_slide_duration&quot;:5000,&quot;background_slideshow_slide_transition&quot;:&quot;fade&quot;,&quot;background_slideshow_transition_duration&quot;:500}\">\n\t\t\t\t\t\t\t\n\t\t<img class=\"e-image-base \" \n\t\t\t\t\tdata-interaction-id=\"d109da4\" \n\t\t \n\t\t \n\t\t\t\t\t\t\t\t\tid=\"38\"\n\t\t\t\t\t\t\t\t\t\t\t\tsrc=\"https:\/\/cafearte.art\/wp-content\/uploads\/2025\/01\/beautiful-strawberry-garden-sunrise-doi-ang-khang-chiang-mai-thailand-scaled.jpg\"\n\t\t\t\t\t\t\t\t\t\t\t\twidth=\"2560\"\n\t\t\t\t\t\t\t\t\t\t\t\theight=\"1707\"\n\t\t\t\t\t\t\t\t\t\t\t\tsrcset=\"https:\/\/cafearte.art\/wp-content\/uploads\/2025\/01\/beautiful-strawberry-garden-sunrise-doi-ang-khang-chiang-mai-thailand-scaled.jpg 2560w, https:\/\/cafearte.art\/wp-content\/uploads\/2025\/01\/beautiful-strawberry-garden-sunrise-doi-ang-khang-chiang-mai-thailand-scaled-600x400.jpg 600w, https:\/\/cafearte.art\/wp-content\/uploads\/2025\/01\/beautiful-strawberry-garden-sunrise-doi-ang-khang-chiang-mai-thailand-300x200.jpg 300w, https:\/\/cafearte.art\/wp-content\/uploads\/2025\/01\/beautiful-strawberry-garden-sunrise-doi-ang-khang-chiang-mai-thailand-1024x683.jpg 1024w, https:\/\/cafearte.art\/wp-content\/uploads\/2025\/01\/beautiful-strawberry-garden-sunrise-doi-ang-khang-chiang-mai-thailand-768x512.jpg 768w, https:\/\/cafearte.art\/wp-content\/uploads\/2025\/01\/beautiful-strawberry-garden-sunrise-doi-ang-khang-chiang-mai-thailand-1536x1024.jpg 1536w, https:\/\/cafearte.art\/wp-content\/uploads\/2025\/01\/beautiful-strawberry-garden-sunrise-doi-ang-khang-chiang-mai-thailand-2048x1365.jpg 2048w\"\n\t\t\t\t\t\t\t\t\t\t\t\talt=\"\"\n\t\t\t\t\t\t\/>\n\t\t\t\t\t<\/div>\n\t\t<div class=\"elementor-element elementor-element-a0e1096 e-con-full eael_liquid_glass-effect2 e-flex eael_liquid_glass_shadow-effect1 e-con e-child\" data-id=\"a0e1096\" data-element_type=\"container\" data-e-type=\"container\">\n\t\t\t\t\t\t\t<h1 \n\t\tdata-interaction-id=\"23f2ab1\" \n\t\tclass=\"e-23f2ab1-e0f5324 e-heading-base\" \n\t\t \n\t\t\n\t>\n\t\n\t\t\tEl caf\u00e9 tambi\u00e9n es arte.\n\t\t<\/h1>\n\t\t\t\t\t\t\t<h2 \n\t\tdata-interaction-id=\"56abffd\" \n\t\tclass=\"e-56abffd-cc45192 e-heading-base\" \n\t\t \n\t\t\n\t>\n\t\n\t\t\tCada grano es una obra, cada taza una experiencia.\n\t\t<\/h2>\n\t\t\t\t<div class=\"elementor-element elementor-element-97bcd6c elementor-widget elementor-widget-spacer\" data-id=\"97bcd6c\" data-element_type=\"widget\" data-e-type=\"widget\" data-widget_type=\"spacer.default\">\n\t\t\t\t\t\t\t<div class=\"elementor-spacer\">\n\t\t\t<div class=\"elementor-spacer-inner\"><\/div>\n\t\t<\/div>\n\t\t\t\t\t\t<\/div>\n\t\t\t\t\t\t\t<h4 \n\t\tdata-interaction-id=\"7426f1e\" \n\t\tclass=\"e-7426f1e-1656d0d e-heading-base\" \n\t\t \n\t\t\n\t>\n\t\n\t\t\tCaf\u00e9 de especialidad tostado en Chile, con procesos \u00fanicos y perfiles que transforman tu rutina en ritual.\n\t\t<\/h4>\n\t\t\t\t<\/div>\n\t\t\t\t\t<\/div>\n\t\t\t\t<\/div>\n\t\t\t\t<div class=\"elementor-element elementor-element-93998be e-con e-atomic-element e-flexbox-base\" data-id=\"93998be\" data-element_type=\"e-flexbox\" data-e-type=\"e-flexbox\" data-interaction-id=\"93998be\">\n\t\t<div class=\"elementor-element elementor-element-9b6d151 e-con-full eael_liquid_glass-effect2 e-flex eael_liquid_glass_shadow-effect1 e-con e-child\" data-id=\"9b6d151\" data-element_type=\"container\" data-e-type=\"container\">\n\t\t\t\t\t\t\t<h2 \n\t\tdata-interaction-id=\"a3eaed0\" \n\t\tclass=\"e-heading-base\" \n\t\t \n\t\t\n\t>\n\t\n\t\t\tDonde Estamos?\n\t\t<\/h2>\n\t\t\t\t<div class=\"elementor-element elementor-element-525cce4 elementor-widget elementor-widget-google_maps\" data-id=\"525cce4\" data-element_type=\"widget\" data-e-type=\"widget\" data-widget_type=\"google_maps.default\">\n\t\t\t\t\t\t\t<div class=\"elementor-custom-embed\">\n\t\t\t<iframe loading=\"lazy\"\n\t\t\t\t\tsrc=\"https:\/\/maps.google.com\/maps?q=co%C3%B1imo%20286&#038;t=m&#038;z=14&#038;output=embed&#038;iwloc=near\"\n\t\t\t\t\ttitle=\"co\u00f1imo 286\"\n\t\t\t\t\taria-label=\"co\u00f1imo 286\"\n\t\t\t><\/iframe>\n\t\t<\/div>\n\t\t\t\t\t\t<\/div>\n\t\t\t\t<\/div>\n\t\t<div class=\"elementor-element elementor-element-8369107 e-con-full eael_liquid_glass-effect2 e-flex eael_liquid_glass_shadow-effect1 e-con e-child\" data-id=\"8369107\" data-element_type=\"container\" data-e-type=\"container\">\n\t\t\t\t\t\t\t<h2 \n\t\tdata-interaction-id=\"9b51ff5\" \n\t\tclass=\"e-heading-base\" \n\t\t \n\t\t\n\t>\n\t\n\t\t\tCAFETERIA\n\t\t<\/h2>\n\t\t\t\t<div class=\"elementor-element elementor-element-1497d69 elementor-widget elementor-widget-image-carousel\" data-id=\"1497d69\" data-element_type=\"widget\" data-e-type=\"widget\" data-settings=\"{&quot;slides_to_show&quot;:&quot;1&quot;,&quot;navigation&quot;:&quot;none&quot;,&quot;autoplay&quot;:&quot;yes&quot;,&quot;pause_on_hover&quot;:&quot;yes&quot;,&quot;pause_on_interaction&quot;:&quot;yes&quot;,&quot;autoplay_speed&quot;:5000,&quot;infinite&quot;:&quot;yes&quot;,&quot;effect&quot;:&quot;slide&quot;,&quot;speed&quot;:500}\" data-widget_type=\"image-carousel.default\">\n\t\t\t\t\t\t\t<div class=\"elementor-image-carousel-wrapper swiper\" role=\"region\" aria-roledescription=\"carousel\" aria-label=\"Carrusel de im\u00e1genes\" dir=\"ltr\">\n\t\t\t<div class=\"elementor-image-carousel swiper-wrapper\" aria-live=\"off\">\n\t\t\t\t\t\t\t\t<div class=\"swiper-slide\" role=\"group\" aria-roledescription=\"slide\" aria-label=\"1 de 1\"><figure class=\"swiper-slide-inner\"><img decoding=\"async\" class=\"swiper-slide-image\" src=\"https:\/\/cafearte.art\/wp-content\/uploads\/2026\/04\/cafearte_interior-halls.png\" alt=\"cafearte_interior-halls\" \/><\/figure><\/div>\t\t\t<\/div>\n\t\t\t\t\t<\/div>\n\t\t\t\t\t\t<\/div>\n\t\t\t\t<\/div>\n\t\t\t\t<\/div>\n\t\t<div class=\"elementor-element elementor-element-ae271e0 e-flex e-con-boxed eael_liquid_glass-effect1 eael_liquid_glass_shadow-effect1 e-con e-parent\" data-id=\"ae271e0\" data-element_type=\"container\" data-e-type=\"container\">\n\t\t\t\t\t<div class=\"e-con-inner\">\n\t\t\t\t<div class=\"elementor-element elementor-element-9120234 eael_liquid_glass-effect2 content-align-cta-default eael_liquid_glass_shadow-effect1 elementor-widget elementor-widget-eael-cta-box\" data-id=\"9120234\" data-element_type=\"widget\" data-e-type=\"widget\" data-widget_type=\"eael-cta-box.default\">\n\t\t\t\t\t\t\t<div class=\"eael-call-to-action cta-basic bg-lite cta-preset-1\">\n        <h2 class=\"title eael-cta-heading\">Visita La galeria de arte<\/h2><p>Exposiciones\u00a0<\/p><a href=\"https:\/\/cafearte.art\/home\/galeria-de-arte\/\" class=\"cta-button cta-preset-1  \">Here<\/a>\t<\/div>\n\t\t\t\t\t\t\t\t<\/div>\n\t\t\t\t\t<\/div>\n\t\t\t\t<\/div>\n\t\t<div class=\"elementor-element elementor-element-62aec4d e-flex e-con-boxed e-con e-parent\" data-id=\"62aec4d\" data-element_type=\"container\" data-e-type=\"container\">\n\t\t\t\t\t<div class=\"e-con-inner\">\n\t\t\t\t<div class=\"elementor-element elementor-element-a93b284 elementor-shape-rounded elementor-grid-0 e-grid-align-center elementor-widget elementor-widget-social-icons\" data-id=\"a93b284\" data-element_type=\"widget\" data-e-type=\"widget\" data-widget_type=\"social-icons.default\">\n\t\t\t\t\t\t\t<div class=\"elementor-social-icons-wrapper elementor-grid\">\n\t\t\t\t\t\t\t<span class=\"elementor-grid-item\">\n\t\t\t\t\t<a class=\"elementor-icon elementor-social-icon elementor-social-icon-instagram elementor-repeater-item-9a4f0de\" href=\"https:\/\/www.instagram.com\/cafe.arte396\/\" target=\"_blank\">\n\t\t\t\t\t\t<span class=\"elementor-screen-only\">Instagram<\/span>\n\t\t\t\t\t\t<svg aria-hidden=\"true\" class=\"e-font-icon-svg e-fab-instagram\" viewBox=\"0 0 448 512\" xmlns=\"http:\/\/www.w3.org\/2000\/svg\"><path d=\"M224.1 141c-63.6 0-114.9 51.3-114.9 114.9s51.3 114.9 114.9 114.9S339 319.5 339 255.9 287.7 141 224.1 141zm0 189.6c-41.1 0-74.7-33.5-74.7-74.7s33.5-74.7 74.7-74.7 74.7 33.5 74.7 74.7-33.6 74.7-74.7 74.7zm146.4-194.3c0 14.9-12 26.8-26.8 26.8-14.9 0-26.8-12-26.8-26.8s12-26.8 26.8-26.8 26.8 12 26.8 26.8zm76.1 27.2c-1.7-35.9-9.9-67.7-36.2-93.9-26.2-26.2-58-34.4-93.9-36.2-37-2.1-147.9-2.1-184.9 0-35.8 1.7-67.6 9.9-93.9 36.1s-34.4 58-36.2 93.9c-2.1 37-2.1 147.9 0 184.9 1.7 35.9 9.9 67.7 36.2 93.9s58 34.4 93.9 36.2c37 2.1 147.9 2.1 184.9 0 35.9-1.7 67.7-9.9 93.9-36.2 26.2-26.2 34.4-58 36.2-93.9 2.1-37 2.1-147.8 0-184.8zM398.8 388c-7.8 19.6-22.9 34.7-42.6 42.6-29.5 11.7-99.5 9-132.1 9s-102.7 2.6-132.1-9c-19.6-7.8-34.7-22.9-42.6-42.6-11.7-29.5-9-99.5-9-132.1s-2.6-102.7 9-132.1c7.8-19.6 22.9-34.7 42.6-42.6 29.5-11.7 99.5-9 132.1-9s102.7-2.6 132.1 9c19.6 7.8 34.7 22.9 42.6 42.6 11.7 29.5 9 99.5 9 132.1s2.7 102.7-9 132.1z\"><\/path><\/svg>\t\t\t\t\t<\/a>\n\t\t\t\t<\/span>\n\t\t\t\t\t<\/div>\n\t\t\t\t\t\t<\/div>\n\t\t\t\t\t<\/div>\n\t\t\t\t<\/div>\n\t\t<div class=\"elementor-element elementor-element-c77aea0 e-flex e-con-boxed e-con e-parent\" data-id=\"c77aea0\" data-element_type=\"container\" data-e-type=\"container\">\n\t\t\t\t\t<div class=\"e-con-inner\">\n\t\t\t\t\t<\/div>\n\t\t\t\t<\/div>\n\t\t\t\t<\/div>\n\t\t","protected":false},"excerpt":{"rendered":"<p> &#8220;Descubre el arte de vivir en Caf\u00e9 Arte. Caf\u00e9 de especialidad tostado en Chile, galer\u00eda de arte urbano y el epicentro cultural de San Joaqu\u00edn. \u00a1Vis\u00edtanos y vive la experiencia cafearte.art!<\/p>\n","protected":false},"author":1,"featured_media":0,"parent":0,"menu_order":0,"comment_status":"closed","ping_status":"closed","template":"elementor_theme","meta":{"footnotes":""},"class_list":["post-89","page","type-page","status-publish","hentry"],"yoast_head":"<!-- This site is optimized with the Yoast SEO plugin v27.3 - https:\/\/yoast.com\/product\/yoast-seo-wordpress\/ -->\n<title>Cafe Arte - El Arte de Vivir.<\/title>\n<meta name=\"description\" content=\"Cafe, arte y cultura. Cafe de especialidad tostado en chile. Galer\u00eda de arte y cultural en San Joaqu\u00edn. \u00a1Vis\u00edtanos y vive la experiencia cafearte.art!\" \/>\n<meta name=\"robots\" content=\"index, follow, max-snippet:-1, max-image-preview:large, max-video-preview:-1\" \/>\n<link rel=\"canonical\" href=\"https:\/\/cafearte.art\/home\/\" \/>\n<meta property=\"og:locale\" content=\"es_ES\" \/>\n<meta property=\"og:type\" content=\"article\" \/>\n<meta property=\"og:title\" content=\"Cafe Arte - El Arte de Vivir.\" \/>\n<meta property=\"og:description\" content=\"Cafe, arte y cultura. Cafe de especialidad tostado en chile. Galer\u00eda de arte y cultural en San Joaqu\u00edn. \u00a1Vis\u00edtanos y vive la experiencia cafearte.art!\" \/>\n<meta property=\"og:url\" content=\"https:\/\/cafearte.art\/home\/\" \/>\n<meta property=\"og:site_name\" content=\"Cafe Arte\" \/>\n<meta property=\"article:modified_time\" content=\"2026-04-16T20:57:33+00:00\" \/>\n<meta property=\"og:image\" content=\"https:\/\/cafearte.art\/wp-content\/uploads\/2025\/01\/beautiful-strawberry-garden-sunrise-doi-ang-khang-chiang-mai-thailand-scaled.jpg\" \/>\n<meta name=\"twitter:card\" content=\"summary_large_image\" \/>\n<meta name=\"twitter:label1\" content=\"Tiempo estimado de lectura\" \/>\n\t<meta name=\"twitter:data1\" content=\"1 minuto\" \/>\n<script type=\"application\/ld+json\" class=\"yoast-schema-graph\">{\"@context\":\"https:\\\/\\\/schema.org\",\"@graph\":[{\"@type\":\"WebPage\",\"@id\":\"https:\\\/\\\/cafearte.art\\\/home\\\/\",\"url\":\"https:\\\/\\\/cafearte.art\\\/home\\\/\",\"name\":\"Cafe Arte - El Arte de Vivir.\",\"isPartOf\":{\"@id\":\"https:\\\/\\\/cafearte.art\\\/home\\\/#website\"},\"primaryImageOfPage\":{\"@id\":\"https:\\\/\\\/cafearte.art\\\/home\\\/#primaryimage\"},\"image\":{\"@id\":\"https:\\\/\\\/cafearte.art\\\/home\\\/#primaryimage\"},\"thumbnailUrl\":\"https:\\\/\\\/cafearte.art\\\/wp-content\\\/uploads\\\/2025\\\/01\\\/beautiful-strawberry-garden-sunrise-doi-ang-khang-chiang-mai-thailand-scaled.jpg\",\"datePublished\":\"2026-04-14T02:47:40+00:00\",\"dateModified\":\"2026-04-16T20:57:33+00:00\",\"description\":\"Cafe, arte y cultura. Cafe de especialidad tostado en chile. Galer\u00eda de arte y cultural en San Joaqu\u00edn. \u00a1Vis\u00edtanos y vive la experiencia cafearte.art!\",\"breadcrumb\":{\"@id\":\"https:\\\/\\\/cafearte.art\\\/home\\\/#breadcrumb\"},\"inLanguage\":\"es-CL\",\"potentialAction\":[{\"@type\":\"ReadAction\",\"target\":[\"https:\\\/\\\/cafearte.art\\\/home\\\/\"]}]},{\"@type\":\"ImageObject\",\"inLanguage\":\"es-CL\",\"@id\":\"https:\\\/\\\/cafearte.art\\\/home\\\/#primaryimage\",\"url\":\"https:\\\/\\\/cafearte.art\\\/wp-content\\\/uploads\\\/2025\\\/01\\\/beautiful-strawberry-garden-sunrise-doi-ang-khang-chiang-mai-thailand-scaled.jpg\",\"contentUrl\":\"https:\\\/\\\/cafearte.art\\\/wp-content\\\/uploads\\\/2025\\\/01\\\/beautiful-strawberry-garden-sunrise-doi-ang-khang-chiang-mai-thailand-scaled.jpg\"},{\"@type\":\"BreadcrumbList\",\"@id\":\"https:\\\/\\\/cafearte.art\\\/home\\\/#breadcrumb\",\"itemListElement\":[{\"@type\":\"ListItem\",\"position\":1,\"name\":\"Portada\",\"item\":\"https:\\\/\\\/cafearte.art\\\/home\\\/\"},{\"@type\":\"ListItem\",\"position\":2,\"name\":\"Arte, Cultura y Tueste en San Joaqu\u00edn\"}]},{\"@type\":\"WebSite\",\"@id\":\"https:\\\/\\\/cafearte.art\\\/home\\\/#website\",\"url\":\"https:\\\/\\\/cafearte.art\\\/home\\\/\",\"name\":\"Cafe Arte\",\"description\":\"\",\"publisher\":{\"@id\":\"https:\\\/\\\/cafearte.art\\\/home\\\/#organization\"},\"potentialAction\":[{\"@type\":\"SearchAction\",\"target\":{\"@type\":\"EntryPoint\",\"urlTemplate\":\"https:\\\/\\\/cafearte.art\\\/home\\\/?s={search_term_string}\"},\"query-input\":{\"@type\":\"PropertyValueSpecification\",\"valueRequired\":true,\"valueName\":\"search_term_string\"}}],\"inLanguage\":\"es-CL\"},{\"@type\":\"Organization\",\"@id\":\"https:\\\/\\\/cafearte.art\\\/home\\\/#organization\",\"name\":\"Cafe Arte\",\"url\":\"https:\\\/\\\/cafearte.art\\\/home\\\/\",\"logo\":{\"@type\":\"ImageObject\",\"inLanguage\":\"es-CL\",\"@id\":\"https:\\\/\\\/cafearte.art\\\/home\\\/#\\\/schema\\\/logo\\\/image\\\/\",\"url\":\"https:\\\/\\\/cafearte.art\\\/wp-content\\\/uploads\\\/2026\\\/04\\\/cropped-LOGO.png\",\"contentUrl\":\"https:\\\/\\\/cafearte.art\\\/wp-content\\\/uploads\\\/2026\\\/04\\\/cropped-LOGO.png\",\"width\":512,\"height\":512,\"caption\":\"Cafe Arte\"},\"image\":{\"@id\":\"https:\\\/\\\/cafearte.art\\\/home\\\/#\\\/schema\\\/logo\\\/image\\\/\"},\"sameAs\":[\"https:\\\/\\\/www.instagram.com\\\/cafe.arte396\\\/\"]}]}<\/script>\n<!-- \/ Yoast SEO plugin. -->","yoast_head_json":{"title":"Cafe Arte - El Arte de Vivir.","description":"Cafe, arte y cultura. Cafe de especialidad tostado en chile. Galer\u00eda de arte y cultural en San Joaqu\u00edn. \u00a1Vis\u00edtanos y vive la experiencia cafearte.art!","robots":{"index":"index","follow":"follow","max-snippet":"max-snippet:-1","max-image-preview":"max-image-preview:large","max-video-preview":"max-video-preview:-1"},"canonical":"https:\/\/cafearte.art\/home\/","og_locale":"es_ES","og_type":"article","og_title":"Cafe Arte - El Arte de Vivir.","og_description":"Cafe, arte y cultura. Cafe de especialidad tostado en chile. Galer\u00eda de arte y cultural en San Joaqu\u00edn. \u00a1Vis\u00edtanos y vive la experiencia cafearte.art!","og_url":"https:\/\/cafearte.art\/home\/","og_site_name":"Cafe Arte","article_modified_time":"2026-04-16T20:57:33+00:00","og_image":[{"url":"https:\/\/cafearte.art\/wp-content\/uploads\/2025\/01\/beautiful-strawberry-garden-sunrise-doi-ang-khang-chiang-mai-thailand-scaled.jpg","type":"","width":"","height":""}],"twitter_card":"summary_large_image","twitter_misc":{"Tiempo estimado de lectura":"1 minuto"},"schema":{"@context":"https:\/\/schema.org","@graph":[{"@type":"WebPage","@id":"https:\/\/cafearte.art\/home\/","url":"https:\/\/cafearte.art\/home\/","name":"Cafe Arte - El Arte de Vivir.","isPartOf":{"@id":"https:\/\/cafearte.art\/home\/#website"},"primaryImageOfPage":{"@id":"https:\/\/cafearte.art\/home\/#primaryimage"},"image":{"@id":"https:\/\/cafearte.art\/home\/#primaryimage"},"thumbnailUrl":"https:\/\/cafearte.art\/wp-content\/uploads\/2025\/01\/beautiful-strawberry-garden-sunrise-doi-ang-khang-chiang-mai-thailand-scaled.jpg","datePublished":"2026-04-14T02:47:40+00:00","dateModified":"2026-04-16T20:57:33+00:00","description":"Cafe, arte y cultura. Cafe de especialidad tostado en chile. Galer\u00eda de arte y cultural en San Joaqu\u00edn. \u00a1Vis\u00edtanos y vive la experiencia cafearte.art!","breadcrumb":{"@id":"https:\/\/cafearte.art\/home\/#breadcrumb"},"inLanguage":"es-CL","potentialAction":[{"@type":"ReadAction","target":["https:\/\/cafearte.art\/home\/"]}]},{"@type":"ImageObject","inLanguage":"es-CL","@id":"https:\/\/cafearte.art\/home\/#primaryimage","url":"https:\/\/cafearte.art\/wp-content\/uploads\/2025\/01\/beautiful-strawberry-garden-sunrise-doi-ang-khang-chiang-mai-thailand-scaled.jpg","contentUrl":"https:\/\/cafearte.art\/wp-content\/uploads\/2025\/01\/beautiful-strawberry-garden-sunrise-doi-ang-khang-chiang-mai-thailand-scaled.jpg"},{"@type":"BreadcrumbList","@id":"https:\/\/cafearte.art\/home\/#breadcrumb","itemListElement":[{"@type":"ListItem","position":1,"name":"Portada","item":"https:\/\/cafearte.art\/home\/"},{"@type":"ListItem","position":2,"name":"Arte, Cultura y Tueste en San Joaqu\u00edn"}]},{"@type":"WebSite","@id":"https:\/\/cafearte.art\/home\/#website","url":"https:\/\/cafearte.art\/home\/","name":"Cafe Arte","description":"","publisher":{"@id":"https:\/\/cafearte.art\/home\/#organization"},"potentialAction":[{"@type":"SearchAction","target":{"@type":"EntryPoint","urlTemplate":"https:\/\/cafearte.art\/home\/?s={search_term_string}"},"query-input":{"@type":"PropertyValueSpecification","valueRequired":true,"valueName":"search_term_string"}}],"inLanguage":"es-CL"},{"@type":"Organization","@id":"https:\/\/cafearte.art\/home\/#organization","name":"Cafe Arte","url":"https:\/\/cafearte.art\/home\/","logo":{"@type":"ImageObject","inLanguage":"es-CL","@id":"https:\/\/cafearte.art\/home\/#\/schema\/logo\/image\/","url":"https:\/\/cafearte.art\/wp-content\/uploads\/2026\/04\/cropped-LOGO.png","contentUrl":"https:\/\/cafearte.art\/wp-content\/uploads\/2026\/04\/cropped-LOGO.png","width":512,"height":512,"caption":"Cafe Arte"},"image":{"@id":"https:\/\/cafearte.art\/home\/#\/schema\/logo\/image\/"},"sameAs":["https:\/\/www.instagram.com\/cafe.arte396\/"]}]}},"_links":{"self":[{"href":"https:\/\/cafearte.art\/home\/wp-json\/wp\/v2\/pages\/89","targetHints":{"allow":["GET"]}}],"collection":[{"href":"https:\/\/cafearte.art\/home\/wp-json\/wp\/v2\/pages"}],"about":[{"href":"https:\/\/cafearte.art\/home\/wp-json\/wp\/v2\/types\/page"}],"author":[{"embeddable":true,"href":"https:\/\/cafearte.art\/home\/wp-json\/wp\/v2\/users\/1"}],"replies":[{"embeddable":true,"href":"https:\/\/cafearte.art\/home\/wp-json\/wp\/v2\/comments?post=89"}],"version-history":[{"count":37,"href":"https:\/\/cafearte.art\/home\/wp-json\/wp\/v2\/pages\/89\/revisions"}],"predecessor-version":[{"id":206,"href":"https:\/\/cafearte.art\/home\/wp-json\/wp\/v2\/pages\/89\/revisions\/206"}],"wp:attachment":[{"href":"https:\/\/cafearte.art\/home\/wp-json\/wp\/v2\/media?parent=89"}],"curies":[{"name":"wp","href":"https:\/\/api.w.org\/{rel}","templated":true}]}}